{"id":509,"date":"2023-06-11T13:28:24","date_gmt":"2023-06-11T11:28:24","guid":{"rendered":"https:\/\/chili-twist.com\/scharfe-habanero-sauce-mit-trueffeln\/"},"modified":"2025-04-16T16:32:16","modified_gmt":"2025-04-16T14:32:16","slug":"scharfe-habanero-sauce-mit-trueffeln","status":"publish","type":"page","link":"https:\/\/chili-twist.com\/de\/scharfe-habanero-sauce-mit-trueffeln\/","title":{"rendered":"Scharfe Habanero-Sauce mit Tr\u00fcffeln"},"content":{"rendered":"\n<div class=\"wp-block-stackable-hero alignfull stk-block-hero stk-block stk-2302dd1 stk-block-background stk--has-background-overlay\" data-v=\"2\" data-block-id=\"2302dd1\"><style>.stk-2302dd1-inner-blocks{justify-content:center !important}.stk-2302dd1{background-color:var(--theme-palette-color-4,#111518) !important;background-image:url(https:\/\/chili-twist.com\/wp-content\/uploads\/2023\/06\/pekoca-omaka-hero.jpg) !important;background-position:bottom right !important;background-blend-mode:difference !important;align-items:center !important;max-width:100% !important;margin-right:auto !important;margin-left:auto !important;display:flex !important}.stk-2302dd1:before{background-color:var(--theme-palette-color-4,#111518) !important;opacity:0.7 !important}.stk-2302dd1 .stk-block-hero__content{min-height:80vh !important;max-width:100% !important;margin-right:auto !important;margin-left:auto !important}.stk-2302dd1 > .stk-separator__bottom .stk-separator__wrapper{height:270px !important}.stk-2302dd1 > .stk-separator__bottom svg{filter:none !important}@media screen and (max-width:689px){.stk-2302dd1{align-items:center !important;display:flex !important}}<\/style><div class=\"stk-block-hero__content stk-content-align stk-2302dd1-column stk-container stk-2302dd1-container stk--no-background stk--no-padding\"><div class=\"stk-block-content stk-inner-blocks has-text-align-center stk--column-flex stk-2302dd1-inner-blocks\">\n<div class=\"wp-block-stackable-heading stk-block-heading stk-block-heading--v2 stk-block stk-777693e\" id=\"pekoca-omaka\" data-block-id=\"777693e\"><style>.stk-777693e{max-width:100% !important;margin-right:auto !important;margin-bottom:16px !important;margin-left:auto !important}.stk-777693e .stk-block-heading__text{text-shadow:none !important;font-size:200px !important;color:var(--theme-palette-color-7,#ffffff) !important;line-height:1em !important;font-family:\"Dancing Script\",Sans-serif !important}@media screen and (max-width:999px){.stk-777693e .stk-block-heading__text{font-size:150px !important}}@media screen and (max-width:689px){.stk-777693e .stk-block-heading__text{font-size:100px !important}}<\/style><h1 class=\"stk-block-heading__text has-text-color has-text-align-center has-text-align-center-mobile\">Scharfe Sauce<\/h1><\/div>\n\n\n\n<div class=\"wp-block-stackable-text stk-block-text stk-block stk-826645f\" data-block-id=\"826645f\"><style>.stk-826645f{margin-bottom:50px !important}.stk-826645f .stk-block-text__text{text-shadow:4px 4px 0px rgba(0,0,0,1) !important;color:#FFFFFF !important}<\/style><p class=\"stk-block-text__text has-text-color has-white-color\">Scharfe Habanero-Sauce mit schwarzen und wei\u00dfenTr\u00fcffeln.<br>5\/10<\/p><\/div>\n\n\n\n<div class=\"wp-block-buttons is-horizontal is-content-justification-center is-layout-flex wp-container-core-buttons-is-layout-03627597 wp-block-buttons-is-layout-flex\">\n<div class=\"wp-block-button\"><a class=\"wp-block-button__link has-palette-color-8-color has-palette-color-2-background-color has-text-color has-background wp-element-button\" href=\"#vecinfo\">Mehr erfahren<\/a><\/div>\n<\/div>\n<\/div><\/div><\/div>\n\n\n\n<div class=\"wp-block-stackable-feature aligncenter stk-block-feature stk-block stk-be77a1b is-style-default\" data-v=\"2\" id=\"vecinfo\" data-block-id=\"be77a1b\"><style>.stk-be77a1b{min-height:700px !important;align-items:center !important;margin-bottom:0px !important;display:flex !important}.stk-be77a1b > .stk-separator__bottom svg{fill:#e2d8c7 !important}<\/style><div class=\"stk-content-align stk-be77a1b-column stk-container stk-be77a1b-container stk--no-background stk--no-padding\"><div class=\"stk-inner-blocks stk-block-content stk-row\">\n<div class=\"wp-block-stackable-column stk-block-column stk-column stk-block stk-c2696ba stk-block-background\" data-v=\"4\" data-block-id=\"c2696ba\"><style>.stk-c2696ba{align-self:center !important;background-color:var(--theme-palette-color-7,#ffffff) !important;border-radius:3px !important;overflow:hidden !important;box-shadow:0px 2px 20px rgba(153,153,153,0.2) !important}.stk-c2696ba:before{background-color:var(--theme-palette-color-7,#ffffff) !important}<\/style><div class=\"stk-column-wrapper stk-block-column__content stk-container stk-c2696ba-container stk--no-background stk--no-padding\"><div class=\"stk-block-content stk-inner-blocks stk-c2696ba-inner-blocks\">\n<div class=\"wp-block-stackable-heading stk-block-heading stk-block-heading--v2 stk-block stk-714e8df\" id=\"slovenski-proizvod\" data-block-id=\"714e8df\"><style>.stk-714e8df{margin-bottom:0px !important}.stk-714e8df .stk-block-heading__text{color:var(--theme-palette-color-2,#7f715c) !important;font-family:\"Cardo\",Sans-serif !important}<\/style><h2 class=\"stk-block-heading__text has-text-color has-palette-color-2-color stk-block-heading--use-theme-margins\">Slowenisches Produkt<\/h2><\/div>\n\n\n\n<div class=\"wp-block-stackable-text stk-block-text stk-block stk-f491e0c\" data-block-id=\"f491e0c\"><p class=\"stk-block-text__text\">Habanero-Chilis geh\u00f6ren zu den am weitesten verbreiteten Sorten und sind bekannt f\u00fcr ihren unverwechselbaren Geschmack, der mit keinem anderen Chili zu verwechseln ist. Aufgrund seiner Einzigartigkeit haben wir nicht viel mit seinem Geschmack, seiner Sch\u00e4rfe oder an seiner orangenen Farbe herumgespielt.&nbsp;<\/p><\/div>\n\n\n\n<div class=\"wp-block-stackable-text stk-block-text stk-block stk-5cd1a13\" data-block-id=\"5cd1a13\"><p class=\"stk-block-text__text\">Nach langer Suche und Probieren haben wir eine Ausgewogenheit und Harmonie von Gew\u00fcrzen gefunden, die jede Mahlzeit zu einem Fest machen. MIT TR\u00dcFFELN \u2013 F\u00dcR ECHTEN GOURMET-GENUSS! Die Sauce passt gut zu Pasta, Sahnesaucen, Pizzas, Burgern, Risottos, Sandwiches, Fleisch, K\u00e4se &#8230;.<\/p><\/div>\n\n\n\n<p class=\"has-small-font-size\"><strong>100 % NAT\u00dcRLICH OHNE K\u00dcNSTLICHE KONSERVIERUNGSSTOFFE!<\/strong><\/p>\n<\/div><\/div><\/div>\n\n\n\n<div class=\"wp-block-stackable-column stk-block-column stk-column stk-block stk-630d872\" data-v=\"4\" data-block-id=\"630d872\"><style>.stk-630d872{align-self:center !important}<\/style><div class=\"stk-column-wrapper stk-block-column__content stk-container stk-630d872-container stk--no-background stk--no-padding\"><div class=\"stk-block-content stk-inner-blocks stk-630d872-inner-blocks\">\n<div class=\"wp-block-stackable-image stk-block-image has-text-align-right stk-block stk-9ad5042\" data-block-id=\"9ad5042\"><style>.stk-9ad5042 .stk-img-wrapper{width:70% !important}.stk-9ad5042 .stk-img-wrapper:hover img{filter:sepia(0) saturate(1) !important}@media screen and (max-width:999px){.stk-9ad5042 .stk-img-wrapper{width:100% !important}}<\/style><figure class=\"stk-img-wrapper stk-image--shape-stretch\"><img loading=\"lazy\" decoding=\"async\" class=\"stk-img wp-image-460\" src=\"https:\/\/chili-twist.com\/wp-content\/uploads\/2023\/06\/pekoca-omaka-597x1024.jpg\" width=\"597\" height=\"1024\" alt=\"Scharfe Sauce\" srcset=\"https:\/\/chili-twist.com\/wp-content\/uploads\/2023\/06\/pekoca-omaka-597x1024.jpg 597w, https:\/\/chili-twist.com\/wp-content\/uploads\/2023\/06\/pekoca-omaka-175x300.jpg 175w, https:\/\/chili-twist.com\/wp-content\/uploads\/2023\/06\/pekoca-omaka-768x1316.jpg 768w, https:\/\/chili-twist.com\/wp-content\/uploads\/2023\/06\/pekoca-omaka-896x1536.jpg 896w, https:\/\/chili-twist.com\/wp-content\/uploads\/2023\/06\/pekoca-omaka.jpg 1000w\" sizes=\"auto, (max-width: 597px) 100vw, 597px\" \/><\/figure><\/div>\n<\/div><\/div><\/div>\n<\/div><\/div><\/div>\n\n\n\n<div class=\"wp-block-stackable-image stk-block-image stk-block stk-c6f3353\" data-block-id=\"c6f3353\"><style>.stk-c6f3353 .stk-img-wrapper{height:600px !important}.stk-c6f3353 .stk-img-wrapper img{object-position:47% 24% !important}<\/style><figure class=\"stk-img-wrapper stk-image--shape-stretch\"><img loading=\"lazy\" decoding=\"async\" class=\"stk-img wp-image-464\" src=\"https:\/\/chili-twist.com\/wp-content\/uploads\/2023\/06\/doma-pridelani-ciliji.png\" width=\"1600\" height=\"1060\" srcset=\"https:\/\/chili-twist.com\/wp-content\/uploads\/2023\/06\/doma-pridelani-ciliji.png 1600w, https:\/\/chili-twist.com\/wp-content\/uploads\/2023\/06\/doma-pridelani-ciliji-300x199.png 300w, https:\/\/chili-twist.com\/wp-content\/uploads\/2023\/06\/doma-pridelani-ciliji-1024x678.png 1024w, https:\/\/chili-twist.com\/wp-content\/uploads\/2023\/06\/doma-pridelani-ciliji-768x509.png 768w, https:\/\/chili-twist.com\/wp-content\/uploads\/2023\/06\/doma-pridelani-ciliji-1536x1018.png 1536w\" sizes=\"auto, (max-width: 1600px) 100vw, 1600px\" \/><\/figure><\/div>\n\n\n\n<div class=\"wp-block-stackable-columns stk-block-columns stk-block stk-40de25e\" data-block-id=\"40de25e\"><div class=\"stk-row stk-inner-blocks stk-block-content stk-content-align stk-40de25e-column\">\n<div class=\"wp-block-stackable-column stk-block-column stk-column stk-block stk-d40ac8b\" data-v=\"4\" data-block-id=\"d40ac8b\"><style>.stk-d40ac8b{margin-top:-200px !important}.stk-d40ac8b-container{box-shadow:0px 10px 30px rgba(0,0,0,0.05) !important;max-width:800px !important;margin-right:auto !important;margin-left:auto !important}<\/style><div class=\"stk-column-wrapper stk-block-column__content stk-container stk-d40ac8b-container stk-hover-parent\"><div class=\"stk-block-content stk-inner-blocks stk-d40ac8b-inner-blocks\">\n<div class=\"wp-block-stackable-heading stk-block-heading stk-block-heading--v2 stk-block stk-30c9a67\" id=\"doma-pridelani-ciliji\" data-block-id=\"30c9a67\"><style>.stk-30c9a67{margin-bottom:0px !important}.stk-30c9a67 .stk-block-heading__text{color:var(--theme-palette-color-2,#7f715c) !important;font-family:\"Cardo\",Sans-serif !important}<\/style><h2 class=\"stk-block-heading__text has-text-color has-palette-color-2-color stk-block-heading--use-theme-margins\">Selbst angebaute Chilis<\/h2><\/div>\n\n\n\n<p>Alle Chilis werden in Slowenien angebaut. <br>Jedes Jahr ernten wir mehrere tausend Kilogramm verschiedener Sorten selbst angebauter Chilis. So sind immer frische Chilis vorhanden, um neue, scharfe Geschmacksrichtungen zu kreieren<\/p>\n<\/div><\/div><\/div>\n<\/div><\/div>\n\n\n\n<div class=\"wp-block-stackable-feature aligncenter stk-block-feature stk-block stk-7a25c51 is-style-default\" data-v=\"2\" data-block-id=\"7a25c51\"><style>.stk-7a25c51{min-height:700px !important;align-items:center !important;margin-bottom:0px !important;display:flex !important}.stk-7a25c51 > .stk-separator__bottom svg{fill:#e2d8c7 !important}<\/style><div class=\"stk-content-align stk-7a25c51-column stk-container stk-7a25c51-container stk--no-background stk--no-padding\"><div class=\"stk-inner-blocks stk-block-content stk-row\">\n<div class=\"wp-block-stackable-column stk-block-column stk-column stk-block stk-366197f stk-block-background\" data-v=\"4\" data-block-id=\"366197f\"><style>.stk-366197f{align-self:center !important;background-color:var(--theme-palette-color-7,#ffffff) !important;border-radius:3px !important;overflow:hidden !important;box-shadow:0px 2px 20px rgba(153,153,153,0.2) !important;z-index:2 !important}.stk-366197f:before{background-color:var(--theme-palette-color-7,#ffffff) !important}<\/style><div class=\"stk-column-wrapper stk-block-column__content stk-container stk-366197f-container stk--no-background stk--no-padding\"><div class=\"stk-block-content stk-inner-blocks stk-366197f-inner-blocks\">\n<div class=\"wp-block-stackable-heading stk-block-heading stk-block-heading--v2 stk-block stk-e273bf1\" id=\"kvalitetne-slovenske-sestavine\" data-block-id=\"e273bf1\"><style>.stk-e273bf1{margin-bottom:0px !important}.stk-e273bf1 .stk-block-heading__text{color:var(--theme-palette-color-2,#7f715c) !important;font-family:\"Cardo\",Sans-serif !important}<\/style><h2 class=\"stk-block-heading__text has-text-color has-palette-color-2-color stk-block-heading--use-theme-margins\">Hochwertige slowenische Zutaten<\/h2><\/div>\n\n\n\n<p>Die meisten Zutaten, die bei der Herstellung der Chili-Twist-Sauce verwendet werden, sind slowenischen Ursprungs und wurden mit den h\u00f6chsten Qualit\u00e4tsauszeichnungen ausgezeichnet: Salzblumen aus den Salinen von Piran, hausgemachter nat\u00fcrlicher Apfelessig aus Slovenske Gorice, hausgemachte Chilis &#8230;<\/p>\n\n\n\n<p>All diese hochwertigen Zutaten und raffinierten Rezepturen verleihen unsere Sauce noch mehr Wert und bringen sie auf ein h\u00f6heres Niveau!<\/p>\n<\/div><\/div><\/div>\n\n\n\n<div class=\"wp-block-stackable-column stk-block-column stk-column stk-block stk-b013058\" data-v=\"4\" data-block-id=\"b013058\"><style>.stk-b013058{align-self:center !important}<\/style><div class=\"stk-column-wrapper stk-block-column__content stk-container stk-b013058-container stk--no-background stk--no-padding\"><div class=\"stk-block-content stk-inner-blocks stk-b013058-inner-blocks\">\n<div class=\"wp-block-stackable-image stk-block-image has-text-align-center stk-block stk-389f2c6\" data-block-id=\"389f2c6\"><style>.stk-389f2c6{align-items:center !important;display:flex !important;transform:scale(1.14) translateX(-22px) !important}.stk-389f2c6 .stk-img-wrapper:hover img{filter:sepia(0) saturate(1) !important}@media screen and (max-width:999px){.stk-389f2c6 .stk-img-wrapper{width:100% !important}}<\/style><figure class=\"stk-img-wrapper stk-image--shape-stretch\"><img loading=\"lazy\" decoding=\"async\" class=\"stk-img wp-image-466\" src=\"https:\/\/chili-twist.com\/wp-content\/uploads\/2023\/06\/kvalitetne-slovenske-sestavine-1024x682.png\" width=\"1024\" height=\"682\" alt=\"Scharfe Sauce\" srcset=\"https:\/\/chili-twist.com\/wp-content\/uploads\/2023\/06\/kvalitetne-slovenske-sestavine-1024x682.png 1024w, https:\/\/chili-twist.com\/wp-content\/uploads\/2023\/06\/kvalitetne-slovenske-sestavine-300x200.png 300w, https:\/\/chili-twist.com\/wp-content\/uploads\/2023\/06\/kvalitetne-slovenske-sestavine-768x511.png 768w, https:\/\/chili-twist.com\/wp-content\/uploads\/2023\/06\/kvalitetne-slovenske-sestavine-1536x1022.png 1536w, https:\/\/chili-twist.com\/wp-content\/uploads\/2023\/06\/kvalitetne-slovenske-sestavine.png 1600w\" sizes=\"auto, (max-width: 1024px) 100vw, 1024px\" \/><\/figure><\/div>\n<\/div><\/div><\/div>\n<\/div><\/div><\/div>\n\n\n\n<div class=\"wp-block-stackable-feature aligncenter stk-block-feature stk-block stk-654abc7 is-style-default\" data-v=\"2\" data-block-id=\"654abc7\"><style>.stk-654abc7{min-height:700px !important;align-items:center !important;margin-bottom:0px !important;display:flex !important}.stk-654abc7 > .stk-separator__bottom svg{fill:#e2d8c7 !important}@media screen and (max-width:689px){.stk-654abc7{--stk-col-order-1:2 !important;--stk-col-order-2:1 !important}}<\/style><div class=\"stk-content-align stk-654abc7-column stk-container stk-654abc7-container stk--no-background stk--no-padding\"><div class=\"stk-inner-blocks stk-block-content stk-row\">\n<div class=\"wp-block-stackable-column stk-block-column stk-column stk-block stk-89e1480\" data-v=\"4\" data-block-id=\"89e1480\"><style>.stk-89e1480{align-self:center !important}<\/style><div class=\"stk-column-wrapper stk-block-column__content stk-container stk-89e1480-container stk--no-background stk--no-padding\"><div class=\"stk-block-content stk-inner-blocks stk-89e1480-inner-blocks\">\n<div class=\"wp-block-stackable-image stk-block-image has-text-align-center stk-block stk-7e9906a\" data-block-id=\"7e9906a\"><style>.stk-7e9906a{align-items:center !important;display:flex !important}.stk-7e9906a .stk-img-wrapper:hover img{filter:sepia(0) saturate(1) !important}@media screen and (max-width:999px){.stk-7e9906a .stk-img-wrapper{width:100% !important}}<\/style><figure class=\"stk-img-wrapper stk-image--shape-stretch\"><img loading=\"lazy\" decoding=\"async\" class=\"stk-img wp-image-468\" src=\"https:\/\/chili-twist.com\/wp-content\/uploads\/2023\/06\/Popolnoma-naravno.png\" width=\"855\" height=\"677\" alt=\"Scharfe Sauce\" srcset=\"https:\/\/chili-twist.com\/wp-content\/uploads\/2023\/06\/Popolnoma-naravno.png 855w, https:\/\/chili-twist.com\/wp-content\/uploads\/2023\/06\/Popolnoma-naravno-300x238.png 300w, https:\/\/chili-twist.com\/wp-content\/uploads\/2023\/06\/Popolnoma-naravno-768x608.png 768w\" sizes=\"auto, (max-width: 855px) 100vw, 855px\" \/><\/figure><\/div>\n<\/div><\/div><\/div>\n\n\n\n<div class=\"wp-block-stackable-column stk-block-column stk-column stk-block stk-310d70b stk-block-background\" data-v=\"4\" data-block-id=\"310d70b\"><style>.stk-310d70b{align-self:center !important;background-color:var(--theme-palette-color-7,#ffffff) !important;border-radius:3px !important;overflow:hidden !important;box-shadow:0px 2px 20px rgba(153,153,153,0.2) !important;z-index:2 !important}.stk-310d70b:before{background-color:var(--theme-palette-color-7,#ffffff) !important}<\/style><div class=\"stk-column-wrapper stk-block-column__content stk-container stk-310d70b-container stk--no-background stk--no-padding\"><div class=\"stk-block-content stk-inner-blocks stk-310d70b-inner-blocks\">\n<div class=\"wp-block-stackable-heading stk-block-heading stk-block-heading--v2 stk-block stk-fd2466a\" id=\"popolnoma-naravno\" data-block-id=\"fd2466a\"><style>.stk-fd2466a{margin-bottom:0px !important}.stk-fd2466a .stk-block-heading__text{color:var(--theme-palette-color-2,#7f715c) !important;font-family:\"Cardo\",Sans-serif !important}<\/style><h2 class=\"stk-block-heading__text has-text-color has-palette-color-2-color stk-block-heading--use-theme-margins\">Vollkommen nat\u00fcrlich<\/h2><\/div>\n\n\n\n<p>Unsere Produkte enthalten keine k\u00fcnstlichen Konservierungsstoffe, Farbstoffe oder Stabilisatoren.<br>Aus diesem Grund unterliegen Saucen manchmal einer Oxidation und dies ist ein Beweis daf\u00fcr, dass die Sauce nat\u00fcrlich ist. Sch\u00e4rfe, Geschmack, Farbe und N\u00e4hrwerte k\u00f6nnen je nach Qualit\u00e4t der Ernte variieren!<\/p>\n\n\n\n<p>Alle unsere Produkte sind slowenischen Ursprungs und 100 % nat\u00fcrlich. Wir m\u00f6gen es scharf !<\/p>\n<\/div><\/div><\/div>\n<\/div><\/div><\/div>\n","protected":false},"excerpt":{"rendered":"<p>Scharfe Sauce Scharfe Habanero-Sauce mit schwarzen und wei\u00dfenTr\u00fcffeln.5\/10 Slowenisches Produkt Habanero-Chilis geh\u00f6ren zu den am weitesten verbreiteten Sorten und sind bekannt f\u00fcr ihren unverwechselbaren Geschmack, der mit keinem anderen Chili zu verwechseln ist. Aufgrund seiner Einzigartigkeit haben wir nicht viel mit seinem Geschmack, seiner Sch\u00e4rfe oder an seiner orangenen Farbe herumgespielt.&nbsp; Nach langer Suche und [&hellip;]<\/p>\n","protected":false},"author":1,"featured_media":518,"parent":0,"menu_order":0,"comment_status":"closed","ping_status":"closed","template":"","meta":{"footnotes":""},"class_list":["post-509","page","type-page","status-publish","has-post-thumbnail","hentry"],"blocksy_meta":[],"_links":{"self":[{"href":"https:\/\/chili-twist.com\/de\/wp-json\/wp\/v2\/pages\/509","targetHints":{"allow":["GET"]}}],"collection":[{"href":"https:\/\/chili-twist.com\/de\/wp-json\/wp\/v2\/pages"}],"about":[{"href":"https:\/\/chili-twist.com\/de\/wp-json\/wp\/v2\/types\/page"}],"author":[{"embeddable":true,"href":"https:\/\/chili-twist.com\/de\/wp-json\/wp\/v2\/users\/1"}],"replies":[{"embeddable":true,"href":"https:\/\/chili-twist.com\/de\/wp-json\/wp\/v2\/comments?post=509"}],"version-history":[{"count":7,"href":"https:\/\/chili-twist.com\/de\/wp-json\/wp\/v2\/pages\/509\/revisions"}],"predecessor-version":[{"id":582,"href":"https:\/\/chili-twist.com\/de\/wp-json\/wp\/v2\/pages\/509\/revisions\/582"}],"wp:featuredmedia":[{"embeddable":true,"href":"https:\/\/chili-twist.com\/de\/wp-json\/wp\/v2\/media\/518"}],"wp:attachment":[{"href":"https:\/\/chili-twist.com\/de\/wp-json\/wp\/v2\/media?parent=509"}],"curies":[{"name":"wp","href":"https:\/\/api.w.org\/{rel}","templated":true}]}}